{"id":7943,"date":"2018-05-26T00:21:18","date_gmt":"2018-05-25T22:21:18","guid":{"rendered":"https:\/\/www.hrankovic.eu\/portal\/?page_id=7943"},"modified":"2021-10-12T19:12:23","modified_gmt":"2021-10-12T17:12:23","slug":"privacy-policy","status":"publish","type":"page","link":"https:\/\/www.hrankovic.eu\/portal\/privacy-policy\/","title":{"rendered":"Datenschutzerkl\u00e4rung"},"content":{"rendered":"<div class=\"RedxGridRowContainer\">\n<div class=\"RedxGridThemeContainer \">\n<div id=\"redx-content-row-4484\" class=\"RedxGridRow XSmallNoPadding XSmallMargin SmallNoPadding SmallMargin XSmallRow\">\n<div id=\"redx-content-row-area-5473\" class=\"RedxGridColumn XSmall12 XSmallPush\">\n<div class=\"RedxGridColumnContent \">\n<h2><span style=\"color: #003366;\">Datenschutzerkl\u00e4rung f\u00fcr Hrankovic OnLine- www.hrankovic.eu<\/span><\/h2>\n<div class=\"entry-content\">\n<h3><span style=\"color: #ff6600;\">Datenschutzerkl\u00e4rung f\u00fcr Ihre personenbezogenen Daten<\/span><\/h3>\n<p>Wir freuen uns \u00fcber Ihr Interesse an unserer Website. Der Schutz Ihrer Privatsph\u00e4re ist f\u00fcr uns sehr wichtig. Kurz gesagt:<\/p>\n<p>Wir verwenden nur Daten, die Sie uns selbst gegeben haben,<\/p>\n<ul>\n<li>nur f\u00fcr den geplanten Zweck,<\/li>\n<li>geben nat\u00fcrlich Ihre Daten nicht an Dritte weiter und<\/li>\n<li>l\u00f6schen Ihre Daten, wenn wir sie nicht mehr ben\u00f6tigen bzw. wenn Sie es w\u00fcnschen und es keine gesetzlichen Gr\u00fcnde gibt, sie aufzubewahren.<\/li>\n<\/ul>\n<p>Nachstehend informieren wir Sie ausf\u00fchrlich \u00fcber den Umgang mit Ihren Daten.<\/p>\n<h3><span style=\"color: #ff6600;\">Rechtsgrundlage<\/span><\/h3>\n<p>Die EU-Datenschutz-Grundverordnung, das Datenschutzgesetz 2000 sowie das Datenschutz-Anpassungsgesetz<br \/>\n2018 dienen dem Recht auf Schutz personenbezogener Daten.<br \/>\nWir verarbeiten Ihre Daten ausschlie\u00dflich auf Grundlage der gesetzlichen Bestimmungen (DSGVO, DSG 2018, TKG 2003).<\/p>\n<h3><span style=\"color: #ff6600;\">Kontaktaufnahme<\/span><\/h3>\n<p>Personenbezogene Daten werden erhoben, wenn Sie uns diese im Rahmen der Kontaktaufnahme (z.B. per Kontaktformular, E-Mail, Telefon oder via sozialer Medien) oder bei Anmeldung f\u00fcr unsere Leistungen freiwillig mitteilen. Wir verwenden Ihre Daten ausschlie\u00dflich dazu, um Ihnen die gew\u00fcnschten Informationen oder Leistungen bieten zu k\u00f6nnen, das hei\u00dft, dass nur die Informationen und Daten gespeichert und verarbeitet werden, die absolut notwendig sind, um Ihre Anfrage zu beantworten oder das Vertragsverh\u00e4ltnis abzuwickeln.<\/p>\n<p>Die \u00dcbertragung von E-Mails ist bei unserem Hosting Provider World4You grunds\u00e4tzlich verschl\u00fcsselt. Wenn der Mailserver des Empf\u00e4ngers bzw. Absenders eine Verschl\u00fcsselung nicht unterst\u00fctzt, findet die \u00dcbertragung notwendigerweise unverschl\u00fcsselt statt.<\/p>\n<p>Sollte aufgrund Ihrer Anfrage eine Weitergabe Ihrer Daten an Dritte unvermeidlich sein, werden wir Sie vorher informieren.<\/p>\n<p>Bei Kontaktaufnahme ohne Abschluss eines Vertrages werden Ihre Daten aus unserer Kundendatenbank gel\u00f6scht, sofern Sie dies w\u00fcnschen.<\/p>\n<p>Die Datenverarbeitung erfolgt auf Basis der gesetzlichen Bestimmungen des \u00a7 96 Abs 3 TKG sowie des Art 6 Abs 1 lit a (Einwilligung) DSGVO.<\/p>\n<h4 id=\"heading_Newsletter\"><span style=\"color: #ff6600;\">Newsletter<\/span><\/h4>\n<p>Sie haben die M\u00f6glichkeit, \u00fcber unsere Website unseren Newsletter zu abonnieren. Hierf\u00fcr ben\u00f6tigen wir Ihre E-Mail-Adresse und ihre Erkl\u00e4rung, dass Sie mit dem Bezug des Newsletters einverstanden sind.<\/p>\n<p>Um Sie zielgerichtet mit Informationen zu versorgen, erheben und verarbeiten wir au\u00dferdem freiwillig gemachte Angaben zu Interessengebieten.<\/p>\n<p>Sobald Sie sich f\u00fcr den Newsletter angemeldet haben, senden wir Ihnen ein Best\u00e4tigungs-E-Mail mit einem Link zur Best\u00e4tigung der Anmeldung.<\/p>\n<p>Das Abo des Newsletters k\u00f6nnen Sie jederzeit stornieren. Senden Sie Ihre Stornierung bitte an folgende E-Mail-Adresse: <i>&#x68;r&#x61;&#110;&#x6b;&#x6f;v&#x69;&#99;&#x40;&#x68;o&#x74;&#109;&#x61;&#x69;l&#x2e;&#99;&#x6f;&#x6d;<\/i>. Wir l\u00f6schen anschlie\u00dfend umgehend Ihre Daten im Zusammenhang mit dem Newsletter-Versand.<\/p>\n<p><span style=\"color: #ff6600;\"><strong>Kommentare:<\/strong><\/span><\/p>\n<p>Wenn Besucher Kommentare auf der Website schreiben, sammeln wir die Daten, die im Kommentar-Formular angezeigt werden, au\u00dferdem die IP-Adresse des Besuchers und den User-Agent-String (damit wird der Browser identifiziert), um die Erkennung von Spam zu unterst\u00fctzen.Besucher-Kommentare k\u00f6nnten von einem automatisierten Dienst zur Spam-Erkennung untersucht werden.<\/p>\n<p><span style=\"color: #ff6600;\"><strong>Datenschutzerkl\u00e4rung f\u00fcr die Nutzung von&nbsp;Facebook<\/strong><\/span><\/p>\n<p>Auf diese Seite sind Plugins des sozialen Netzwerks Facebook, 1601 South California Avenue, Palo Alto, CA 94304, USA integriert. Die Facebook-Plugins erkennen Sie an dem Facebook-Logo oder dem \u201eLike-Button\u201c (\u201eGef\u00e4llt mir\u201c) auf meiner Seite. Eine \u00dcbersicht \u00fcber die Facebook-Plugins finden Sie hier: <a href=\"https:\/\/developers.facebook.com\/docs\/plugins\/\" target=\"_blank\" rel=\"noopener noreferrer\">https:\/\/developers.facebook.com\/docs\/plugins\/<\/a>.<br \/>\nWenn Sie meine Seite besuchen, wird \u00fcber das Plugin eine direkte Verbindung zwischen Ihrem Browser und dem Facebook-Server hergestellt. Facebook erh\u00e4lt dadurch die Information, dass Sie mit Ihrer IP-Adresse meine Seite besucht haben. Wenn Sie den Facebook \u201eLike-Button\u201c anklicken w\u00e4hrend Sie in Ihrem Facebook-Account eingeloggt sind, k\u00f6nnen Sie die Inhalte meiner Seiten auf Ihrem Facebook-Profil verlinken. Dadurch kann Facebook den Besuch meiner Seiten Ihrem Benutzerkonto zuordnen. Ich weise darauf hin, dass ich als Anbieter der Seiten keine Kenntnis vom Inhalt der \u00fcbermittelten Daten sowie deren Nutzung durch Facebook erhalte. Weitere Informationen hierzu finden Sie in der Datenschutzerkl\u00e4rung von facebook unter <a href=\"https:\/\/www.facebook.com\/policy.php\" target=\"_blank\" rel=\"noopener noreferrer\">https:\/\/www.facebook.com\/policy.php<\/a>&nbsp;Wenn Sie nicht w\u00fcnschen, dass Facebook den Besuch meiner Seite Ihrem Facebook- Nutzerkonto zuordnen&nbsp;kann, loggen Sie sich bitte aus Ihrem Facebook-Benutzerkonto aus.<\/p>\n<h3><span style=\"color: #ff6600;\">Erhebung und Verarbeitung von Daten<\/span><\/h3>\n<p>Jeder Zugriff auf diese Website und jeder Abruf einer auf der Homepage hinterlegten Datei werden protokolliert. Die Speicherung dient internen systembezogenen und statistischen Zwecken. Protokolliert werden: Name der abgerufenen Datei, Datum und Uhrzeit des Abrufs, \u00fcbertragene Datenmenge, Meldung \u00fcber erfolgreichen Abruf, Webbrowser, anfragende Domain, IP Adressen der anfragenden Rechner und weitere Daten in Zusammenhang mit dem Onlinestatistiktool \u201cGoogle Analytics\u201d.<\/p>\n<h4><span style=\"color: #ff6600;\">Google Analytics<\/span><\/h4>\n<p>Diese Website benutzt Google Analytics, einen Webanalysedienst der Google Inc. (\u201eGoogle\u201c). Google Analytics ver\u00adwendet sog. \u201eCookies\u201c, Textdateien, die auf Ihrem Computer gespei\u00adchert werden und die eine Analyse der Benutzung der Website durch Sie erm\u00f6g\u00adlicht. Dies erfolgt anonymisiert, ohne den Benutzer der Seite pers\u00f6nlich zu identifizieren. Google wird diese Informationen benutzen, um Ihre Nutzung der Website aus\u00adzu\u00adwerten, um Reports \u00fcber die Websiteaktivit\u00e4ten f\u00fcr die Websitebetreiber zusam\u00admen\u00adzu\u00adstellen und um wei\u00adtere mit der Webseitennutzung und der Internetnutzung ver\u00adbun\u00addene Dienstleistungen zu erbringen. Auch wird Google diese Informationen gege\u00adbe\u00adnen\u00adfalls an Dritte \u00fcber\u00adtragen, sofern dies gesetz\u00adlich vor\u00adge\u00adschrieben oder soweit Dritte diese Daten im Auftrag von Google ver\u00adar\u00adbeiten. Google wird in keinem Fall Ihre IP-Adresse mit anderen Daten, die von Google gespei\u00adchert werden, in Verbindung bringen. Sie k\u00f6nnen die Installation der Cookies durch eine ent\u00adspre\u00adchende Einstellung Ihrer Browser Software ver\u00adhin\u00addern; wir weisen Sie jedoch darauf hin, dass Sie in diesem Fall gege\u00adbe\u00adnen\u00adfalls nicht s\u00e4mt\u00adliche Funktionen dieser Website voll umf\u00e4ng\u00adlich nutzen k\u00f6nnen. Durch die Nutzung dieser Website erkl\u00e4ren Sie sich mit der Bearbeitung der \u00fcber Sie erho\u00adbenen Daten durch Google in der zuvor beschrie\u00adbenen Art und Weise und zu dem zuvor benannten Zweck einverstanden.<br \/>\nDie von unserer Website gesendeten und mit Cookies, Nutzerkennungen (z. B. User-ID) oder Werbe-IDs verkn\u00fcpften Daten werden von Google nach 14 Monaten automatisch gel\u00f6scht (einmal im Monat).<br \/>\nSie k\u00f6nnen die Erfassung der durch das Cookie erzeugten und auf Ihre Nutzung der Website bezogenen Daten (inkl. Ihrer IP-Adresse) an Google sowie die Verarbeitung dieser Daten durch Google verhindern, indem Sie das unter dem folgenden Link (http:\/\/tools.google.com\/dlpage\/gaoptout?hl=de) verf\u00fcgbare Browser-Plugin herunterladen und installieren.<\/p>\n<h4><span style=\"color: #ff6600;\">Webhosting World4you.com<\/span><\/h4>\n<p>Unsere Website ist bei www.world4you.com gehostet, die Server in Wien und Linz betreiben. Die Webserver erzeugen Logfiles, welche folgende Informationen beinhalten:<\/p>\n<ul>\n<li>die aufgerufene Seite (URL)<\/li>\n<li>der Browser bzw. die Browserversion<\/li>\n<li>das verwendete Betriebssystem<\/li>\n<li>die Referrer URL (die zuvor besuchte Seite)<\/li>\n<li>Hostname und IP-Adresse des zugreifenden Rechners<\/li>\n<li>die Uhrzeit der Serveranfrage<\/li>\n<\/ul>\n<p>Die Daten werden nach 2 Wochen automatisch vom Provider gel\u00f6scht. In der Zugriffsstatistik wird keine IP Adresse ausgewertet oder angezeigt.<\/p>\n<p>Bei diesbez\u00fcglichen Fragen wenden sie sich bitte direkt an das Unternehmen, mit nachfolgenden Kontaktdaten:<br \/>\nWORLD4YOU<br \/>\nInternet Services GmbH<br \/>\nHafenstra\u00dfe 47-51<br \/>\n4020 Linz \u2013 Austria<br \/>\nHotline: +43 732 93035<br \/>\n&#x6f;f&#x66;&#105;&#x63;&#101;&#64;&#x77;&#111;&#x72;&#108;d&#x34;&#121;&#x6f;&#117;&#46;&#x63;o&#x6d;<br \/>\nWORLD4YOU Link Datenschutzbestimmungen:<br \/>\nhttps:\/\/www.world4you.com\/de\/unternehmen\/datenschutzerklaerung.html<\/p>\n<h3><span style=\"color: #ff6600;\">Einbindung von Diensten und Inhalten Dritter<\/span><\/h3>\n<p>Auf Grundlage unserer berechtigten Interessen (d.h. Interesse an der Analyse, Optimierung und wirtschaftlichem Betrieb unseres Onlineangebotes im Sinne des Art. 6 Abs. 1 lit. f. DSGVO) setzen wir auch Inhalts- oder Serviceangebote von Drittanbietern ein, um deren Inhalte und Services, wie z. B. Videos, Karten oder Schriftarten einzubinden. Diese Drittanbieter m\u00fcssen die IP-Adresse der Nutzer wahrnehmen, da sie ohne die IP-Adresse die Inhalte nicht an deren Browser senden k\u00f6nnten. Die IP-Adresse ist damit f\u00fcr die Darstellung dieser Inhalte erforderlich. Wir bem\u00fchen uns nur solche Inhalte zu verwenden, deren Anbieter die IP-Adresse nur zur Auslieferung der Inhalte verwenden.<\/p>\n<p>Wir binden \u201eGoogle Maps\u201c und \u201eGoogle Fonts\u201c ein und vertrauen auf die Datenschutzerkl\u00e4rung des Anbieters Google LLC: https:\/\/policies.google.com\/privacy?hl=de<br \/>\nSicherheit<\/p>\n<p>Wir sind bem\u00fcht, Ihre personenbezogenen Daten durch Ergreifung aller technischen und organisatorischen M\u00f6glichkeiten so zu speichern, dass sie f\u00fcr Dritte nicht zug\u00e4nglich sind. Bei der Kommunikation per E-Mail kann die vollst\u00e4ndige Datensicherheit von uns nicht gew\u00e4hrleistet werden, so dass wir Ihnen bei vertraulichen Informationen den Postweg empfehlen.<\/p>\n<h3><span style=\"color: #ff6600;\">Ihre Rechte<\/span><\/h3>\n<p>Ihnen stehen grunds\u00e4tzlich die Rechte auf Auskunft, Berichtigung, L\u00f6schung, Einschr\u00e4nkung, Daten\u00fcbertragbarkeit, Widerruf und Widerspruch zu. Wenn Sie glauben, dass die Verarbeitung Ihrer Daten gegen das Datenschutzrecht verst\u00f6\u00dft oder Ihre datenschutzrechtlichen Anspr\u00fcche sonst in einer Weise verletzt worden sind, haben Sie das Recht auf Beschwerde bei der \u00d6sterreichischen Datenschutzbeh\u00f6rde (Wickenburggasse 8-10, 1080 Wien, E-Mail: &#100;&#x73;&#98;&#x40;&#100;&#x73;b&#x2e;g&#118;&#x2e;&#97;&#x74;).<\/p>\n<p>Diese Datenschutzhinweise k\u00f6nnen von Zeit zu Zeit ge\u00e4ndert werden. Die ge\u00e4nderte Version wird dann ebenfalls an dieser Stelle ver\u00f6ffentlicht. Bei einem neuerlichen Besuch unserer Webseiten sollten Sie sich daher die Datenschutzhinweise nochmals durchlesen.<\/p>\n<div>Sie erreichen uns per E-Mail: &#x68;&#x72;&#x61;&#110;&#107;ov&#x69;&#x63;&#x40;&#x68;&#111;&#116;ma&#x69;&#x6c;&#x2e;&#99;&#111;&#109;<\/div>\n<p>Stand 29.08.2021<\/p>\n<\/div>\n<\/div>\n<\/div>\n<\/div>\n<\/div>\n<\/div>\n","protected":false},"excerpt":{"rendered":"<p>Datenschutzerkl\u00e4rung f\u00fcr Hrankovic OnLine- www.hrankovic.eu Datenschutzerkl\u00e4rung f\u00fcr Ihre personenbezogenen Daten Wir freuen uns \u00fcber Ihr Interesse an unserer Website. Der Schutz Ihrer Privatsph\u00e4re ist f\u00fcr uns sehr wichtig. Kurz gesagt: Wir verwenden nur Daten, die Sie uns selbst gegeben haben, nur f\u00fcr den geplanten Zweck, geben nat\u00fcrlich Ihre Daten nicht an Dritte weiter und l\u00f6schen &hellip;<\/p>\n","protected":false},"author":1150,"featured_media":0,"parent":0,"menu_order":0,"comment_status":"closed","ping_status":"closed","template":"","meta":{"_crdt_document":"","_exactmetrics_skip_tracking":false,"_exactmetrics_sitenote_active":false,"_exactmetrics_sitenote_note":"","_exactmetrics_sitenote_category":0,"ngg_post_thumbnail":0,"footnotes":""},"class_list":["post-7943","page","type-page","status-publish",""],"yoast_head":"<!-- This site is optimized with the Yoast SEO plugin v27.3 - https:\/\/yoast.com\/product\/yoast-seo-wordpress\/ -->\n<title>Datenschutzerkl\u00e4rung &#8211; HRANKOVI\u0106 ONLINE<\/title>\n<meta name=\"robots\" content=\"index, follow, max-snippet:-1, max-image-preview:large, max-video-preview:-1\" \/>\n<link rel=\"canonical\" href=\"https:\/\/www.hrankovic.eu\/portal\/privacy-policy\/\" \/>\n<meta property=\"og:locale\" content=\"bs_BA\" \/>\n<meta property=\"og:type\" content=\"article\" \/>\n<meta property=\"og:title\" content=\"Datenschutzerkl\u00e4rung &#8211; HRANKOVI\u0106 ONLINE\" \/>\n<meta property=\"og:description\" content=\"Datenschutzerkl\u00e4rung f\u00fcr Hrankovic OnLine- www.hrankovic.eu Datenschutzerkl\u00e4rung f\u00fcr Ihre personenbezogenen Daten Wir freuen uns \u00fcber Ihr Interesse an unserer Website. Der Schutz Ihrer Privatsph\u00e4re ist f\u00fcr uns sehr wichtig. Kurz gesagt: Wir verwenden nur Daten, die Sie uns selbst gegeben haben, nur f\u00fcr den geplanten Zweck, geben nat\u00fcrlich Ihre Daten nicht an Dritte weiter und l\u00f6schen &hellip;\" \/>\n<meta property=\"og:url\" content=\"https:\/\/www.hrankovic.eu\/portal\/privacy-policy\/\" \/>\n<meta property=\"og:site_name\" content=\"HRANKOVI\u0106 ONLINE\" \/>\n<meta property=\"article:publisher\" content=\"https:\/\/www.facebook.com\/GHrankovic\/\" \/>\n<meta property=\"article:modified_time\" content=\"2021-10-12T17:12:23+00:00\" \/>\n<meta name=\"twitter:card\" content=\"summary_large_image\" \/>\n<meta name=\"twitter:label1\" content=\"Est. reading time\" \/>\n\t<meta name=\"twitter:data1\" content=\"6 minuta\" \/>\n<script type=\"application\/ld+json\" class=\"yoast-schema-graph\">{\"@context\":\"https:\\\/\\\/schema.org\",\"@graph\":[{\"@type\":\"WebPage\",\"@id\":\"https:\\\/\\\/www.hrankovic.eu\\\/portal\\\/privacy-policy\\\/\",\"url\":\"https:\\\/\\\/www.hrankovic.eu\\\/portal\\\/privacy-policy\\\/\",\"name\":\"Datenschutzerkl\u00e4rung &#8211; HRANKOVI\u0106 ONLINE\",\"isPartOf\":{\"@id\":\"https:\\\/\\\/www.hrankovic.eu\\\/portal\\\/#website\"},\"datePublished\":\"2018-05-25T22:21:18+00:00\",\"dateModified\":\"2021-10-12T17:12:23+00:00\",\"breadcrumb\":{\"@id\":\"https:\\\/\\\/www.hrankovic.eu\\\/portal\\\/privacy-policy\\\/#breadcrumb\"},\"inLanguage\":\"bs-BA\",\"potentialAction\":[{\"@type\":\"ReadAction\",\"target\":[\"https:\\\/\\\/www.hrankovic.eu\\\/portal\\\/privacy-policy\\\/\"]}]},{\"@type\":\"BreadcrumbList\",\"@id\":\"https:\\\/\\\/www.hrankovic.eu\\\/portal\\\/privacy-policy\\\/#breadcrumb\",\"itemListElement\":[{\"@type\":\"ListItem\",\"position\":1,\"name\":\"Home\",\"item\":\"https:\\\/\\\/www.hrankovic.eu\\\/portal\\\/\"},{\"@type\":\"ListItem\",\"position\":2,\"name\":\"Datenschutzerkl\u00e4rung\"}]},{\"@type\":\"WebSite\",\"@id\":\"https:\\\/\\\/www.hrankovic.eu\\\/portal\\\/#website\",\"url\":\"https:\\\/\\\/www.hrankovic.eu\\\/portal\\\/\",\"name\":\"HRANKOVI\u0106 ONLINE\",\"description\":\"Korist za budu\u0107nost na\u0161eg HRANKOVI\u0106A\",\"potentialAction\":[{\"@type\":\"SearchAction\",\"target\":{\"@type\":\"EntryPoint\",\"urlTemplate\":\"https:\\\/\\\/www.hrankovic.eu\\\/portal\\\/?s={search_term_string}\"},\"query-input\":{\"@type\":\"PropertyValueSpecification\",\"valueRequired\":true,\"valueName\":\"search_term_string\"}}],\"inLanguage\":\"bs-BA\"}]}<\/script>\n<!-- \/ Yoast SEO plugin. -->","yoast_head_json":{"title":"Datenschutzerkl\u00e4rung &#8211; HRANKOVI\u0106 ONLINE","robots":{"index":"index","follow":"follow","max-snippet":"max-snippet:-1","max-image-preview":"max-image-preview:large","max-video-preview":"max-video-preview:-1"},"canonical":"https:\/\/www.hrankovic.eu\/portal\/privacy-policy\/","og_locale":"bs_BA","og_type":"article","og_title":"Datenschutzerkl\u00e4rung &#8211; HRANKOVI\u0106 ONLINE","og_description":"Datenschutzerkl\u00e4rung f\u00fcr Hrankovic OnLine- www.hrankovic.eu Datenschutzerkl\u00e4rung f\u00fcr Ihre personenbezogenen Daten Wir freuen uns \u00fcber Ihr Interesse an unserer Website. Der Schutz Ihrer Privatsph\u00e4re ist f\u00fcr uns sehr wichtig. Kurz gesagt: Wir verwenden nur Daten, die Sie uns selbst gegeben haben, nur f\u00fcr den geplanten Zweck, geben nat\u00fcrlich Ihre Daten nicht an Dritte weiter und l\u00f6schen &hellip;","og_url":"https:\/\/www.hrankovic.eu\/portal\/privacy-policy\/","og_site_name":"HRANKOVI\u0106 ONLINE","article_publisher":"https:\/\/www.facebook.com\/GHrankovic\/","article_modified_time":"2021-10-12T17:12:23+00:00","twitter_card":"summary_large_image","twitter_misc":{"Est. reading time":"6 minuta"},"schema":{"@context":"https:\/\/schema.org","@graph":[{"@type":"WebPage","@id":"https:\/\/www.hrankovic.eu\/portal\/privacy-policy\/","url":"https:\/\/www.hrankovic.eu\/portal\/privacy-policy\/","name":"Datenschutzerkl\u00e4rung &#8211; HRANKOVI\u0106 ONLINE","isPartOf":{"@id":"https:\/\/www.hrankovic.eu\/portal\/#website"},"datePublished":"2018-05-25T22:21:18+00:00","dateModified":"2021-10-12T17:12:23+00:00","breadcrumb":{"@id":"https:\/\/www.hrankovic.eu\/portal\/privacy-policy\/#breadcrumb"},"inLanguage":"bs-BA","potentialAction":[{"@type":"ReadAction","target":["https:\/\/www.hrankovic.eu\/portal\/privacy-policy\/"]}]},{"@type":"BreadcrumbList","@id":"https:\/\/www.hrankovic.eu\/portal\/privacy-policy\/#breadcrumb","itemListElement":[{"@type":"ListItem","position":1,"name":"Home","item":"https:\/\/www.hrankovic.eu\/portal\/"},{"@type":"ListItem","position":2,"name":"Datenschutzerkl\u00e4rung"}]},{"@type":"WebSite","@id":"https:\/\/www.hrankovic.eu\/portal\/#website","url":"https:\/\/www.hrankovic.eu\/portal\/","name":"HRANKOVI\u0106 ONLINE","description":"Korist za budu\u0107nost na\u0161eg HRANKOVI\u0106A","potentialAction":[{"@type":"SearchAction","target":{"@type":"EntryPoint","urlTemplate":"https:\/\/www.hrankovic.eu\/portal\/?s={search_term_string}"},"query-input":{"@type":"PropertyValueSpecification","valueRequired":true,"valueName":"search_term_string"}}],"inLanguage":"bs-BA"}]}},"_links":{"self":[{"href":"https:\/\/www.hrankovic.eu\/portal\/wp-json\/wp\/v2\/pages\/7943","targetHints":{"allow":["GET"]}}],"collection":[{"href":"https:\/\/www.hrankovic.eu\/portal\/wp-json\/wp\/v2\/pages"}],"about":[{"href":"https:\/\/www.hrankovic.eu\/portal\/wp-json\/wp\/v2\/types\/page"}],"author":[{"embeddable":true,"href":"https:\/\/www.hrankovic.eu\/portal\/wp-json\/wp\/v2\/users\/1150"}],"replies":[{"embeddable":true,"href":"https:\/\/www.hrankovic.eu\/portal\/wp-json\/wp\/v2\/comments?post=7943"}],"version-history":[{"count":10,"href":"https:\/\/www.hrankovic.eu\/portal\/wp-json\/wp\/v2\/pages\/7943\/revisions"}],"predecessor-version":[{"id":9091,"href":"https:\/\/www.hrankovic.eu\/portal\/wp-json\/wp\/v2\/pages\/7943\/revisions\/9091"}],"wp:attachment":[{"href":"https:\/\/www.hrankovic.eu\/portal\/wp-json\/wp\/v2\/media?parent=7943"}],"curies":[{"name":"wp","href":"https:\/\/api.w.org\/{rel}","templated":true}]}}