{"id":650,"date":"2013-08-28T23:47:36","date_gmt":"2013-08-28T21:47:36","guid":{"rendered":"http:\/\/www.hrankovic.eu\/nova\/?page_id=650"},"modified":"2025-11-15T02:24:59","modified_gmt":"2025-11-15T01:24:59","slug":"hadisi","status":"publish","type":"page","link":"https:\/\/www.hrankovic.eu\/portal\/hadisi\/","title":{"rendered":"HADISI"},"content":{"rendered":"<div class=\"box info  alignleft\"><div class=\"box-inner-block\"><i class=\"fa tie-shortcode-boxicon\"><\/i>\n\t\t\tDragi posjetioci <span style=\"color: #003300;\">Esselamu alejkum<\/span>. \u017delja nam je da vam sa ovom stranicom na jednom mjestu u\u010dinimo dostupnim knjige islamske tematike. Knjige mo\u017eete listati i \u010ditati kao \u0161to biste to uradili sa bilo kojom knjigom koju dr\u017eite u ruci. Zahvaljujemo se web portalu IslamBosna.ba koji nam je omogu\u0107io \u010ditanje ovih knjiga.&nbsp; <strong>Klikom na naslov knjige mo\u017eete \u010ditati hadise<\/strong> \n\t\t\t<\/div><\/div>\n<div class=\"clear\"><\/div><div style=\"margin-top:10px; margin-bottom:10px;\" class=\"divider divider-normal\"><\/div>\n\n\t\t<div class=\"clear\"><\/div>\n\t\t<div class=\"toggle tie-sc-open\">\n\t\t\t<h3 class=\"toggle-head\">&lt;strong&gt;\u010cetrdeset odabranih hadisa&lt;\/strong&gt; <i class=\"fa fa-angle-down\" aria-hidden=\"true\"><\/i><\/h3>\n\t\t\t<div class=\"toggle-content\"> <div class=\"box success  alignleft\"><div class=\"box-inner-block\"><i class=\"fa tie-shortcode-boxicon\"><\/i>\n\t\t\t<a href=\"http:\/\/www.islambosna.ba\/kutubhana\/40hadisa\/index.html\"><img loading=\"lazy\" decoding=\"async\" class=\"size-full wp-image-651 alignleft\" src=\"http:\/\/www.hrankovic.eu\/portal\/wp-content\/uploads\/2013\/08\/cetrdeset_hadisa.jpg\" alt=\"cetrdeset_hadisa\" width=\"87\" height=\"140\" srcset=\"https:\/\/www.hrankovic.eu\/portal\/wp-content\/uploads\/2013\/08\/cetrdeset_hadisa.jpg 182w, https:\/\/www.hrankovic.eu\/portal\/wp-content\/uploads\/2013\/08\/cetrdeset_hadisa-118x190.jpg 118w\" sizes=\"auto, (max-width: 87px) 100vw, 87px\" \/><\/a><em>Dr. Fuad Sedi\u0107 je stru\u010dnjak iz domena hadiskih znanosti i hadisa. Objavio je ve\u0107i broj nau\u010dnih i stru\u010dnih radova iz tog podru\u010dja. \u010cetrdeset odabranih hadisa sadr\u017ei \u010detrdeset hadisa aktuelnih u vremenu i prostoru u kojem \u017eivimo<\/em>.<\/p>\n<a href=\"http:\/\/www.islambosna.ba\/kutubhana\/40hadisa\/index.html\" target=\"_blank\" class=\"shortc-button small orange \"><i class=\"fa fa-folder-open-o\"><\/i>\u010citaj hadis<\/a>\n\n\t\t\t<\/div><\/div> \n\t\t\t<\/div>\n\t\t<\/div>\n\t\n\n\t\t<div class=\"clear\"><\/div>\n\t\t<div class=\"toggle tie-sc-close\">\n\t\t\t<h3 class=\"toggle-head\">&lt;strong&gt;Buharijina zbirka hadisa&lt;\/strong&gt; <i class=\"fa fa-angle-down\" aria-hidden=\"true\"><\/i><\/h3>\n\t\t\t<div class=\"toggle-content\"><div class=\"box success  alignleft\"><div class=\"box-inner-block\"><i class=\"fa tie-shortcode-boxicon\"><\/i>\n\t\t\t<em><strong><a href=\"http:\/\/www.islambosna.ba\/kutubhana\/buhari\/index.html\"><img loading=\"lazy\" decoding=\"async\" class=\"size-full wp-image-652 alignleft\" src=\"http:\/\/www.hrankovic.eu\/portal\/wp-content\/uploads\/2013\/08\/276721_548094145213784_1783130064_n.jpg\" alt=\"276721_548094145213784_1783130064_n\" width=\"112\" height=\"161\" srcset=\"https:\/\/www.hrankovic.eu\/portal\/wp-content\/uploads\/2013\/08\/276721_548094145213784_1783130064_n.jpg 180w, https:\/\/www.hrankovic.eu\/portal\/wp-content\/uploads\/2013\/08\/276721_548094145213784_1783130064_n-133x190.jpg 133w\" sizes=\"auto, (max-width: 112px) 100vw, 112px\" \/><\/a><\/strong><\/em><em>Autor ove najzna\u010dajnije hadiske zbirke Muhammed ibn el-Mugira el-Buhari za ovu svoju zbirku ka\u017ee da je sa\u010dinio izborom &#8220;iz ukupno \u0161est stotina hiljada hadisa&#8221; koji su mu bili dostupni. Zbirka je objavljena u cjelosti, hvala Allahu d\u017e.\u0161.<\/em><\/p>\n<a href=\"https:\/\/de.scribd.com\/doc\/126445567\/Zbirka-Hadisa-Buharija\" target=\"_blank\" class=\"shortc-button small blue \"><i class=\"fa fa-folder-open-o\"><\/i>\u010citaj hadis<\/a>\n\n\t\t\t<\/div><\/div>\n\t\t\t<\/div>\n\t\t<\/div>\n\t\n\n\t\t<div class=\"clear\"><\/div>\n\t\t<div class=\"toggle tie-sc-close\">\n\t\t\t<h3 class=\"toggle-head\">&lt;strong&gt;Vjerovjesnikov Sunnet&lt;\/strong&gt; <i class=\"fa fa-angle-down\" aria-hidden=\"true\"><\/i><\/h3>\n\t\t\t<div class=\"toggle-content\"><div class=\"box success  alignleft\"><div class=\"box-inner-block\"><i class=\"fa tie-shortcode-boxicon\"><\/i>\n\t\t\t<em><strong><a href=\"http:\/\/www.islambosna.ba\/kutubhana\/gazali-sunnet\/index.html\"><img loading=\"lazy\" decoding=\"async\" class=\"size-full wp-image-653 alignleft\" src=\"http:\/\/www.hrankovic.eu\/portal\/wp-content\/uploads\/2013\/08\/vjerovjesnikov-sunnet.jpg\" alt=\"vjerovjesnikov sunnet\" width=\"89\" height=\"142\"><\/a><\/strong><\/em><em>Muhammeda el-Gazalija u ovoj knjizi raspravlja o problemu nerazumijevanja i nekriti\u010dkog kori\u0161tenja Poslanikovih a.s. hadisa, \u0161to \u010desto ima za muslimane i islamski svijet pogubne posljedice.<\/em><\/p>\n<a href=\"http:\/\/www.islambosna.ba\/kutubhana\/gazali-sunnet\/index.html\" target=\"_blank\" class=\"shortc-button small blue \"><i class=\"fa fa-folder-open-o\"><\/i>\u010citaj hadis<\/a>\n\n\t\t\t<\/div><\/div>\n\t\t\t<\/div>\n\t\t<\/div>\n\t\n\n\t\t<div class=\"clear\"><\/div>\n\t\t<div class=\"toggle tie-sc-close\">\n\t\t\t<h3 class=\"toggle-head\">&lt;strong&gt;Rijadu-s-Salihin&lt;\/strong&gt; <i class=\"fa fa-angle-down\" aria-hidden=\"true\"><\/i><\/h3>\n\t\t\t<div class=\"toggle-content\"><div class=\"box success  alignleft\"><div class=\"box-inner-block\"><i class=\"fa tie-shortcode-boxicon\"><\/i>\n\t\t\t<em><a href=\"http:\/\/www.islambosna.ba\/kutubhana\/nevevi\/index.html\"><img loading=\"lazy\" decoding=\"async\" class=\"size-full wp-image-654 alignleft\" src=\"http:\/\/www.hrankovic.eu\/portal\/wp-content\/uploads\/2013\/08\/rijdussalihin.jpg\" alt=\"rijdussalihin\" width=\"100\" height=\"140\"><\/a><\/em><em>Autor ove zbirka hadisa, En-Nevevi, jedan je od najve\u0107ih hadiskih stru\u010dnjaka i ovo njegovo djelo, Rijadus-salihin(Vrtovi pobo\u017enjaka) ima posebnu vrijednost<\/em><\/p>\n<a href=\"http:\/\/www.islambosna.ba\/kutubhana\/nevevi\/index.html\" target=\"_blank\" class=\"shortc-button small blue \"><i class=\"fa fa-folder-open-o\"><\/i>\u010citaj hadis<\/a>\n\n\t\t\t<\/div><\/div> \n\t\t\t<\/div>\n\t\t<\/div>\n\t\n\n\t\t<div class=\"clear\"><\/div>\n\t\t<div class=\"toggle tie-sc-close\">\n\t\t\t<h3 class=\"toggle-head\">&lt;strong&gt;Tako je govorio Muhammed Resulullah&lt;\/strong&gt; <i class=\"fa fa-angle-down\" aria-hidden=\"true\"><\/i><\/h3>\n\t\t\t<div class=\"toggle-content\"><div class=\"box success  alignleft\"><div class=\"box-inner-block\"><i class=\"fa tie-shortcode-boxicon\"><\/i>\n\t\t\t<em><strong><a href=\"http:\/\/www.islambosna.ba\/kutubhana\/govor\/index.html\"><img loading=\"lazy\" decoding=\"async\" class=\"size-full wp-image-655 alignleft\" src=\"http:\/\/www.hrankovic.eu\/portal\/wp-content\/uploads\/2013\/08\/islamska_literatura_.jpg\" alt=\"islamska_literatura_\" width=\"85\" height=\"138\"><\/a><\/strong><\/em><em>U ovoj knjizi su na sa\u017eet i pregledan na\u010din sakupljeni relevantni hadisi, govor Muhammeda s.a.v.s.<\/em><\/p>\n<a href=\"http:\/\/www.islambosna.ba\/kutubhana\/govor\/index.html\" target=\"_blank\" class=\"shortc-button small blue \"><i class=\"fa fa-folder-open-o\"><\/i>\u010citaj hadis<\/a>\n\n\t\t\t<\/div><\/div>\n\t\t\t<\/div>\n\t\t<\/div>\n\t\n<p>&nbsp;<\/p>\n<p>&nbsp;<\/p>\n<p>&nbsp;<\/p>\n<p>&nbsp;<\/p>\n","protected":false},"excerpt":{"rendered":"<p>&nbsp; &nbsp; &nbsp; &nbsp;<\/p>\n","protected":false},"author":2,"featured_media":0,"parent":0,"menu_order":0,"comment_status":"closed","ping_status":"open","template":"","meta":{"_crdt_document":"","_exactmetrics_skip_tracking":false,"_exactmetrics_sitenote_active":false,"_exactmetrics_sitenote_note":"","_exactmetrics_sitenote_category":0,"ngg_post_thumbnail":0,"footnotes":""},"class_list":["post-650","page","type-page","status-publish",""],"yoast_head":"<!-- This site is optimized with the Yoast SEO plugin v27.5 - https:\/\/yoast.com\/product\/yoast-seo-wordpress\/ -->\n<title>HADISI &#8211; HRANKOVI\u0106 ONLINE<\/title>\n<meta name=\"robots\" content=\"index, follow, max-snippet:-1, max-image-preview:large, max-video-preview:-1\" \/>\n<link rel=\"canonical\" href=\"https:\/\/www.hrankovic.eu\/portal\/hadisi\/\" \/>\n<meta property=\"og:locale\" content=\"bs_BA\" \/>\n<meta property=\"og:type\" content=\"article\" \/>\n<meta property=\"og:title\" content=\"HADISI &#8211; HRANKOVI\u0106 ONLINE\" \/>\n<meta property=\"og:description\" content=\"&nbsp; &nbsp; &nbsp; &nbsp;\" \/>\n<meta property=\"og:url\" content=\"https:\/\/www.hrankovic.eu\/portal\/hadisi\/\" \/>\n<meta property=\"og:site_name\" content=\"HRANKOVI\u0106 ONLINE\" \/>\n<meta property=\"article:publisher\" content=\"https:\/\/www.facebook.com\/GHrankovic\/\" \/>\n<meta property=\"article:modified_time\" content=\"2025-11-15T01:24:59+00:00\" \/>\n<meta property=\"og:image\" content=\"https:\/\/www.hrankovic.eu\/portal\/wp-content\/uploads\/2013\/08\/cetrdeset_hadisa.jpg\" \/>\n\t<meta property=\"og:image:width\" content=\"182\" \/>\n\t<meta property=\"og:image:height\" content=\"292\" \/>\n\t<meta property=\"og:image:type\" content=\"image\/jpeg\" \/>\n<meta name=\"twitter:card\" content=\"summary_large_image\" \/>\n<meta name=\"twitter:label1\" content=\"Est. reading time\" \/>\n\t<meta name=\"twitter:data1\" content=\"3 minute\" \/>\n<script type=\"application\/ld+json\" class=\"yoast-schema-graph\">{\"@context\":\"https:\\\/\\\/schema.org\",\"@graph\":[{\"@type\":\"WebPage\",\"@id\":\"https:\\\/\\\/www.hrankovic.eu\\\/portal\\\/hadisi\\\/\",\"url\":\"https:\\\/\\\/www.hrankovic.eu\\\/portal\\\/hadisi\\\/\",\"name\":\"HADISI &#8211; HRANKOVI\u0106 ONLINE\",\"isPartOf\":{\"@id\":\"https:\\\/\\\/www.hrankovic.eu\\\/portal\\\/#website\"},\"primaryImageOfPage\":{\"@id\":\"https:\\\/\\\/www.hrankovic.eu\\\/portal\\\/hadisi\\\/#primaryimage\"},\"image\":{\"@id\":\"https:\\\/\\\/www.hrankovic.eu\\\/portal\\\/hadisi\\\/#primaryimage\"},\"thumbnailUrl\":\"http:\\\/\\\/www.hrankovic.eu\\\/portal\\\/wp-content\\\/uploads\\\/2013\\\/08\\\/cetrdeset_hadisa.jpg\",\"datePublished\":\"2013-08-28T21:47:36+00:00\",\"dateModified\":\"2025-11-15T01:24:59+00:00\",\"breadcrumb\":{\"@id\":\"https:\\\/\\\/www.hrankovic.eu\\\/portal\\\/hadisi\\\/#breadcrumb\"},\"inLanguage\":\"bs-BA\",\"potentialAction\":[{\"@type\":\"ReadAction\",\"target\":[\"https:\\\/\\\/www.hrankovic.eu\\\/portal\\\/hadisi\\\/\"]}]},{\"@type\":\"ImageObject\",\"inLanguage\":\"bs-BA\",\"@id\":\"https:\\\/\\\/www.hrankovic.eu\\\/portal\\\/hadisi\\\/#primaryimage\",\"url\":\"https:\\\/\\\/www.hrankovic.eu\\\/portal\\\/wp-content\\\/uploads\\\/2013\\\/08\\\/cetrdeset_hadisa.jpg\",\"contentUrl\":\"https:\\\/\\\/www.hrankovic.eu\\\/portal\\\/wp-content\\\/uploads\\\/2013\\\/08\\\/cetrdeset_hadisa.jpg\",\"width\":182,\"height\":292},{\"@type\":\"BreadcrumbList\",\"@id\":\"https:\\\/\\\/www.hrankovic.eu\\\/portal\\\/hadisi\\\/#breadcrumb\",\"itemListElement\":[{\"@type\":\"ListItem\",\"position\":1,\"name\":\"Home\",\"item\":\"https:\\\/\\\/www.hrankovic.eu\\\/portal\\\/\"},{\"@type\":\"ListItem\",\"position\":2,\"name\":\"HADISI\"}]},{\"@type\":\"WebSite\",\"@id\":\"https:\\\/\\\/www.hrankovic.eu\\\/portal\\\/#website\",\"url\":\"https:\\\/\\\/www.hrankovic.eu\\\/portal\\\/\",\"name\":\"HRANKOVI\u0106 ONLINE\",\"description\":\"Korist za budu\u0107nost na\u0161eg HRANKOVI\u0106A\",\"potentialAction\":[{\"@type\":\"SearchAction\",\"target\":{\"@type\":\"EntryPoint\",\"urlTemplate\":\"https:\\\/\\\/www.hrankovic.eu\\\/portal\\\/?s={search_term_string}\"},\"query-input\":{\"@type\":\"PropertyValueSpecification\",\"valueRequired\":true,\"valueName\":\"search_term_string\"}}],\"inLanguage\":\"bs-BA\"}]}<\/script>\n<!-- \/ Yoast SEO plugin. -->","yoast_head_json":{"title":"HADISI &#8211; HRANKOVI\u0106 ONLINE","robots":{"index":"index","follow":"follow","max-snippet":"max-snippet:-1","max-image-preview":"max-image-preview:large","max-video-preview":"max-video-preview:-1"},"canonical":"https:\/\/www.hrankovic.eu\/portal\/hadisi\/","og_locale":"bs_BA","og_type":"article","og_title":"HADISI &#8211; HRANKOVI\u0106 ONLINE","og_description":"&nbsp; &nbsp; &nbsp; &nbsp;","og_url":"https:\/\/www.hrankovic.eu\/portal\/hadisi\/","og_site_name":"HRANKOVI\u0106 ONLINE","article_publisher":"https:\/\/www.facebook.com\/GHrankovic\/","article_modified_time":"2025-11-15T01:24:59+00:00","og_image":[{"width":182,"height":292,"url":"https:\/\/www.hrankovic.eu\/portal\/wp-content\/uploads\/2013\/08\/cetrdeset_hadisa.jpg","type":"image\/jpeg"}],"twitter_card":"summary_large_image","twitter_misc":{"Est. reading time":"3 minute"},"schema":{"@context":"https:\/\/schema.org","@graph":[{"@type":"WebPage","@id":"https:\/\/www.hrankovic.eu\/portal\/hadisi\/","url":"https:\/\/www.hrankovic.eu\/portal\/hadisi\/","name":"HADISI &#8211; HRANKOVI\u0106 ONLINE","isPartOf":{"@id":"https:\/\/www.hrankovic.eu\/portal\/#website"},"primaryImageOfPage":{"@id":"https:\/\/www.hrankovic.eu\/portal\/hadisi\/#primaryimage"},"image":{"@id":"https:\/\/www.hrankovic.eu\/portal\/hadisi\/#primaryimage"},"thumbnailUrl":"http:\/\/www.hrankovic.eu\/portal\/wp-content\/uploads\/2013\/08\/cetrdeset_hadisa.jpg","datePublished":"2013-08-28T21:47:36+00:00","dateModified":"2025-11-15T01:24:59+00:00","breadcrumb":{"@id":"https:\/\/www.hrankovic.eu\/portal\/hadisi\/#breadcrumb"},"inLanguage":"bs-BA","potentialAction":[{"@type":"ReadAction","target":["https:\/\/www.hrankovic.eu\/portal\/hadisi\/"]}]},{"@type":"ImageObject","inLanguage":"bs-BA","@id":"https:\/\/www.hrankovic.eu\/portal\/hadisi\/#primaryimage","url":"https:\/\/www.hrankovic.eu\/portal\/wp-content\/uploads\/2013\/08\/cetrdeset_hadisa.jpg","contentUrl":"https:\/\/www.hrankovic.eu\/portal\/wp-content\/uploads\/2013\/08\/cetrdeset_hadisa.jpg","width":182,"height":292},{"@type":"BreadcrumbList","@id":"https:\/\/www.hrankovic.eu\/portal\/hadisi\/#breadcrumb","itemListElement":[{"@type":"ListItem","position":1,"name":"Home","item":"https:\/\/www.hrankovic.eu\/portal\/"},{"@type":"ListItem","position":2,"name":"HADISI"}]},{"@type":"WebSite","@id":"https:\/\/www.hrankovic.eu\/portal\/#website","url":"https:\/\/www.hrankovic.eu\/portal\/","name":"HRANKOVI\u0106 ONLINE","description":"Korist za budu\u0107nost na\u0161eg HRANKOVI\u0106A","potentialAction":[{"@type":"SearchAction","target":{"@type":"EntryPoint","urlTemplate":"https:\/\/www.hrankovic.eu\/portal\/?s={search_term_string}"},"query-input":{"@type":"PropertyValueSpecification","valueRequired":true,"valueName":"search_term_string"}}],"inLanguage":"bs-BA"}]}},"_links":{"self":[{"href":"https:\/\/www.hrankovic.eu\/portal\/wp-json\/wp\/v2\/pages\/650","targetHints":{"allow":["GET"]}}],"collection":[{"href":"https:\/\/www.hrankovic.eu\/portal\/wp-json\/wp\/v2\/pages"}],"about":[{"href":"https:\/\/www.hrankovic.eu\/portal\/wp-json\/wp\/v2\/types\/page"}],"author":[{"embeddable":true,"href":"https:\/\/www.hrankovic.eu\/portal\/wp-json\/wp\/v2\/users\/2"}],"replies":[{"embeddable":true,"href":"https:\/\/www.hrankovic.eu\/portal\/wp-json\/wp\/v2\/comments?post=650"}],"version-history":[{"count":34,"href":"https:\/\/www.hrankovic.eu\/portal\/wp-json\/wp\/v2\/pages\/650\/revisions"}],"predecessor-version":[{"id":9563,"href":"https:\/\/www.hrankovic.eu\/portal\/wp-json\/wp\/v2\/pages\/650\/revisions\/9563"}],"wp:attachment":[{"href":"https:\/\/www.hrankovic.eu\/portal\/wp-json\/wp\/v2\/media?parent=650"}],"curies":[{"name":"wp","href":"https:\/\/api.w.org\/{rel}","templated":true}]}}