{"id":619,"date":"2013-08-26T19:27:20","date_gmt":"2013-08-26T17:27:20","guid":{"rendered":"http:\/\/www.hrankovic.eu\/nova\/?page_id=619"},"modified":"2015-05-27T21:11:22","modified_gmt":"2015-05-27T19:11:22","slug":"nauci-klanjati-2","status":"publish","type":"page","link":"https:\/\/www.hrankovic.eu\/portal\/nauci-klanjati-2\/","title":{"rendered":"NAU\u010cI KLANJATI"},"content":{"rendered":"<p><iframe loading=\"lazy\" src=\"http:\/\/athan.islamicfinder.org\/prayer\/namaz1.swf\" name=\"Nauci klanjati\" width=\"700\" height=\"450\" frameborder=\"no\" scrolling=\"auto\" align=\"center\"><br \/>\n<\/iframe><\/p>\n","protected":false},"excerpt":{"rendered":"","protected":false},"author":2,"featured_media":0,"parent":0,"menu_order":0,"comment_status":"closed","ping_status":"open","template":"","meta":{"_crdt_document":"","_exactmetrics_skip_tracking":false,"_exactmetrics_sitenote_active":false,"_exactmetrics_sitenote_note":"","_exactmetrics_sitenote_category":0,"ngg_post_thumbnail":0,"footnotes":""},"class_list":["post-619","page","type-page","status-publish",""],"yoast_head":"<!-- This site is optimized with the Yoast SEO plugin v27.3 - https:\/\/yoast.com\/product\/yoast-seo-wordpress\/ -->\n<title>NAU\u010cI KLANJATI &#8211; HRANKOVI\u0106 ONLINE<\/title>\n<meta name=\"robots\" content=\"index, follow, max-snippet:-1, max-image-preview:large, max-video-preview:-1\" \/>\n<link rel=\"canonical\" href=\"https:\/\/www.hrankovic.eu\/portal\/nauci-klanjati-2\/\" \/>\n<meta property=\"og:locale\" content=\"bs_BA\" \/>\n<meta property=\"og:type\" content=\"article\" \/>\n<meta property=\"og:title\" content=\"NAU\u010cI KLANJATI &#8211; HRANKOVI\u0106 ONLINE\" \/>\n<meta property=\"og:url\" content=\"https:\/\/www.hrankovic.eu\/portal\/nauci-klanjati-2\/\" \/>\n<meta property=\"og:site_name\" content=\"HRANKOVI\u0106 ONLINE\" \/>\n<meta property=\"article:publisher\" content=\"https:\/\/www.facebook.com\/GHrankovic\/\" \/>\n<meta property=\"article:modified_time\" content=\"2015-05-27T19:11:22+00:00\" \/>\n<meta name=\"twitter:card\" content=\"summary_large_image\" \/>\n<script type=\"application\/ld+json\" class=\"yoast-schema-graph\">{\"@context\":\"https:\\\/\\\/schema.org\",\"@graph\":[{\"@type\":\"WebPage\",\"@id\":\"https:\\\/\\\/www.hrankovic.eu\\\/portal\\\/nauci-klanjati-2\\\/\",\"url\":\"https:\\\/\\\/www.hrankovic.eu\\\/portal\\\/nauci-klanjati-2\\\/\",\"name\":\"NAU\u010cI KLANJATI &#8211; HRANKOVI\u0106 ONLINE\",\"isPartOf\":{\"@id\":\"https:\\\/\\\/www.hrankovic.eu\\\/portal\\\/#website\"},\"datePublished\":\"2013-08-26T17:27:20+00:00\",\"dateModified\":\"2015-05-27T19:11:22+00:00\",\"breadcrumb\":{\"@id\":\"https:\\\/\\\/www.hrankovic.eu\\\/portal\\\/nauci-klanjati-2\\\/#breadcrumb\"},\"inLanguage\":\"bs-BA\",\"potentialAction\":[{\"@type\":\"ReadAction\",\"target\":[\"https:\\\/\\\/www.hrankovic.eu\\\/portal\\\/nauci-klanjati-2\\\/\"]}]},{\"@type\":\"BreadcrumbList\",\"@id\":\"https:\\\/\\\/www.hrankovic.eu\\\/portal\\\/nauci-klanjati-2\\\/#breadcrumb\",\"itemListElement\":[{\"@type\":\"ListItem\",\"position\":1,\"name\":\"Home\",\"item\":\"https:\\\/\\\/www.hrankovic.eu\\\/portal\\\/\"},{\"@type\":\"ListItem\",\"position\":2,\"name\":\"NAU\u010cI KLANJATI\"}]},{\"@type\":\"WebSite\",\"@id\":\"https:\\\/\\\/www.hrankovic.eu\\\/portal\\\/#website\",\"url\":\"https:\\\/\\\/www.hrankovic.eu\\\/portal\\\/\",\"name\":\"HRANKOVI\u0106 ONLINE\",\"description\":\"Korist za budu\u0107nost na\u0161eg HRANKOVI\u0106A\",\"potentialAction\":[{\"@type\":\"SearchAction\",\"target\":{\"@type\":\"EntryPoint\",\"urlTemplate\":\"https:\\\/\\\/www.hrankovic.eu\\\/portal\\\/?s={search_term_string}\"},\"query-input\":{\"@type\":\"PropertyValueSpecification\",\"valueRequired\":true,\"valueName\":\"search_term_string\"}}],\"inLanguage\":\"bs-BA\"}]}<\/script>\n<!-- \/ Yoast SEO plugin. -->","yoast_head_json":{"title":"NAU\u010cI KLANJATI &#8211; HRANKOVI\u0106 ONLINE","robots":{"index":"index","follow":"follow","max-snippet":"max-snippet:-1","max-image-preview":"max-image-preview:large","max-video-preview":"max-video-preview:-1"},"canonical":"https:\/\/www.hrankovic.eu\/portal\/nauci-klanjati-2\/","og_locale":"bs_BA","og_type":"article","og_title":"NAU\u010cI KLANJATI &#8211; HRANKOVI\u0106 ONLINE","og_url":"https:\/\/www.hrankovic.eu\/portal\/nauci-klanjati-2\/","og_site_name":"HRANKOVI\u0106 ONLINE","article_publisher":"https:\/\/www.facebook.com\/GHrankovic\/","article_modified_time":"2015-05-27T19:11:22+00:00","twitter_card":"summary_large_image","schema":{"@context":"https:\/\/schema.org","@graph":[{"@type":"WebPage","@id":"https:\/\/www.hrankovic.eu\/portal\/nauci-klanjati-2\/","url":"https:\/\/www.hrankovic.eu\/portal\/nauci-klanjati-2\/","name":"NAU\u010cI KLANJATI &#8211; HRANKOVI\u0106 ONLINE","isPartOf":{"@id":"https:\/\/www.hrankovic.eu\/portal\/#website"},"datePublished":"2013-08-26T17:27:20+00:00","dateModified":"2015-05-27T19:11:22+00:00","breadcrumb":{"@id":"https:\/\/www.hrankovic.eu\/portal\/nauci-klanjati-2\/#breadcrumb"},"inLanguage":"bs-BA","potentialAction":[{"@type":"ReadAction","target":["https:\/\/www.hrankovic.eu\/portal\/nauci-klanjati-2\/"]}]},{"@type":"BreadcrumbList","@id":"https:\/\/www.hrankovic.eu\/portal\/nauci-klanjati-2\/#breadcrumb","itemListElement":[{"@type":"ListItem","position":1,"name":"Home","item":"https:\/\/www.hrankovic.eu\/portal\/"},{"@type":"ListItem","position":2,"name":"NAU\u010cI KLANJATI"}]},{"@type":"WebSite","@id":"https:\/\/www.hrankovic.eu\/portal\/#website","url":"https:\/\/www.hrankovic.eu\/portal\/","name":"HRANKOVI\u0106 ONLINE","description":"Korist za budu\u0107nost na\u0161eg HRANKOVI\u0106A","potentialAction":[{"@type":"SearchAction","target":{"@type":"EntryPoint","urlTemplate":"https:\/\/www.hrankovic.eu\/portal\/?s={search_term_string}"},"query-input":{"@type":"PropertyValueSpecification","valueRequired":true,"valueName":"search_term_string"}}],"inLanguage":"bs-BA"}]}},"_links":{"self":[{"href":"https:\/\/www.hrankovic.eu\/portal\/wp-json\/wp\/v2\/pages\/619","targetHints":{"allow":["GET"]}}],"collection":[{"href":"https:\/\/www.hrankovic.eu\/portal\/wp-json\/wp\/v2\/pages"}],"about":[{"href":"https:\/\/www.hrankovic.eu\/portal\/wp-json\/wp\/v2\/types\/page"}],"author":[{"embeddable":true,"href":"https:\/\/www.hrankovic.eu\/portal\/wp-json\/wp\/v2\/users\/2"}],"replies":[{"embeddable":true,"href":"https:\/\/www.hrankovic.eu\/portal\/wp-json\/wp\/v2\/comments?post=619"}],"version-history":[{"count":6,"href":"https:\/\/www.hrankovic.eu\/portal\/wp-json\/wp\/v2\/pages\/619\/revisions"}],"predecessor-version":[{"id":5793,"href":"https:\/\/www.hrankovic.eu\/portal\/wp-json\/wp\/v2\/pages\/619\/revisions\/5793"}],"wp:attachment":[{"href":"https:\/\/www.hrankovic.eu\/portal\/wp-json\/wp\/v2\/media?parent=619"}],"curies":[{"name":"wp","href":"https:\/\/api.w.org\/{rel}","templated":true}]}}