{"id":4061,"date":"2014-08-11T21:22:00","date_gmt":"2014-08-11T19:22:00","guid":{"rendered":"http:\/\/www.hrankovic.eu\/portal\/?page_id=4061"},"modified":"2017-03-09T14:36:00","modified_gmt":"2017-03-09T13:36:00","slug":"vremenska-prognoza","status":"publish","type":"page","link":"https:\/\/www.hrankovic.eu\/portal\/vremenska-prognoza\/","title":{"rendered":"VREMENSKA PROGNOZA"},"content":{"rendered":"<p><a class=\"aw-widget-legal\" href=\"http:\/\/www.accuweather.com\/bs\/ba\/gornji-rankovic\/1566322\/current-weather\/1566322\"><br \/>\n<!-- By accessing and\/or using this code snippet, you agree to AccuWeather\u2019s terms and conditions (in English) which can be found at http:\/\/www.accuweather.com\/en\/free-weather-widgets\/terms and AccuWeather\u2019s Privacy Statement (in English) which can be found at http:\/\/www.accuweather.com\/en\/privacy. --><br \/>\n<\/a><\/p>\n<div id=\"awtd1489066524021\" class=\"aw-widget-36hour\" data-locationkey=\"\" data-unit=\"c\" data-language=\"bs\" data-useip=\"true\" data-uid=\"awtd1489066524021\" data-editlocation=\"true\"><\/div>\n<p><script type=\"text\/javascript\" src=\"https:\/\/oap.accuweather.com\/launch.js\"><\/script><\/p>\n","protected":false},"excerpt":{"rendered":"","protected":false},"author":2,"featured_media":0,"parent":0,"menu_order":0,"comment_status":"open","ping_status":"open","template":"","meta":{"_crdt_document":"","_exactmetrics_skip_tracking":false,"_exactmetrics_sitenote_active":false,"_exactmetrics_sitenote_note":"","_exactmetrics_sitenote_category":0,"ngg_post_thumbnail":0,"footnotes":""},"class_list":["post-4061","page","type-page","status-publish",""],"yoast_head":"<!-- This site is optimized with the Yoast SEO plugin v27.5 - https:\/\/yoast.com\/product\/yoast-seo-wordpress\/ -->\n<title>VREMENSKA PROGNOZA &#8211; HRANKOVI\u0106 ONLINE<\/title>\n<meta name=\"robots\" content=\"index, follow, max-snippet:-1, max-image-preview:large, max-video-preview:-1\" \/>\n<link rel=\"canonical\" href=\"https:\/\/www.hrankovic.eu\/portal\/vremenska-prognoza\/\" \/>\n<meta property=\"og:locale\" content=\"bs_BA\" \/>\n<meta property=\"og:type\" content=\"article\" \/>\n<meta property=\"og:title\" content=\"VREMENSKA PROGNOZA &#8211; HRANKOVI\u0106 ONLINE\" \/>\n<meta property=\"og:url\" content=\"https:\/\/www.hrankovic.eu\/portal\/vremenska-prognoza\/\" \/>\n<meta property=\"og:site_name\" content=\"HRANKOVI\u0106 ONLINE\" \/>\n<meta property=\"article:publisher\" content=\"https:\/\/www.facebook.com\/GHrankovic\/\" \/>\n<meta property=\"article:modified_time\" content=\"2017-03-09T13:36:00+00:00\" \/>\n<meta name=\"twitter:card\" content=\"summary_large_image\" \/>\n<script type=\"application\/ld+json\" class=\"yoast-schema-graph\">{\"@context\":\"https:\\\/\\\/schema.org\",\"@graph\":[{\"@type\":\"WebPage\",\"@id\":\"https:\\\/\\\/www.hrankovic.eu\\\/portal\\\/vremenska-prognoza\\\/\",\"url\":\"https:\\\/\\\/www.hrankovic.eu\\\/portal\\\/vremenska-prognoza\\\/\",\"name\":\"VREMENSKA PROGNOZA &#8211; HRANKOVI\u0106 ONLINE\",\"isPartOf\":{\"@id\":\"https:\\\/\\\/www.hrankovic.eu\\\/portal\\\/#website\"},\"datePublished\":\"2014-08-11T19:22:00+00:00\",\"dateModified\":\"2017-03-09T13:36:00+00:00\",\"breadcrumb\":{\"@id\":\"https:\\\/\\\/www.hrankovic.eu\\\/portal\\\/vremenska-prognoza\\\/#breadcrumb\"},\"inLanguage\":\"bs-BA\",\"potentialAction\":[{\"@type\":\"ReadAction\",\"target\":[\"https:\\\/\\\/www.hrankovic.eu\\\/portal\\\/vremenska-prognoza\\\/\"]}]},{\"@type\":\"BreadcrumbList\",\"@id\":\"https:\\\/\\\/www.hrankovic.eu\\\/portal\\\/vremenska-prognoza\\\/#breadcrumb\",\"itemListElement\":[{\"@type\":\"ListItem\",\"position\":1,\"name\":\"Home\",\"item\":\"https:\\\/\\\/www.hrankovic.eu\\\/portal\\\/\"},{\"@type\":\"ListItem\",\"position\":2,\"name\":\"VREMENSKA PROGNOZA\"}]},{\"@type\":\"WebSite\",\"@id\":\"https:\\\/\\\/www.hrankovic.eu\\\/portal\\\/#website\",\"url\":\"https:\\\/\\\/www.hrankovic.eu\\\/portal\\\/\",\"name\":\"HRANKOVI\u0106 ONLINE\",\"description\":\"Korist za budu\u0107nost na\u0161eg HRANKOVI\u0106A\",\"potentialAction\":[{\"@type\":\"SearchAction\",\"target\":{\"@type\":\"EntryPoint\",\"urlTemplate\":\"https:\\\/\\\/www.hrankovic.eu\\\/portal\\\/?s={search_term_string}\"},\"query-input\":{\"@type\":\"PropertyValueSpecification\",\"valueRequired\":true,\"valueName\":\"search_term_string\"}}],\"inLanguage\":\"bs-BA\"}]}<\/script>\n<!-- \/ Yoast SEO plugin. -->","yoast_head_json":{"title":"VREMENSKA PROGNOZA &#8211; HRANKOVI\u0106 ONLINE","robots":{"index":"index","follow":"follow","max-snippet":"max-snippet:-1","max-image-preview":"max-image-preview:large","max-video-preview":"max-video-preview:-1"},"canonical":"https:\/\/www.hrankovic.eu\/portal\/vremenska-prognoza\/","og_locale":"bs_BA","og_type":"article","og_title":"VREMENSKA PROGNOZA &#8211; HRANKOVI\u0106 ONLINE","og_url":"https:\/\/www.hrankovic.eu\/portal\/vremenska-prognoza\/","og_site_name":"HRANKOVI\u0106 ONLINE","article_publisher":"https:\/\/www.facebook.com\/GHrankovic\/","article_modified_time":"2017-03-09T13:36:00+00:00","twitter_card":"summary_large_image","schema":{"@context":"https:\/\/schema.org","@graph":[{"@type":"WebPage","@id":"https:\/\/www.hrankovic.eu\/portal\/vremenska-prognoza\/","url":"https:\/\/www.hrankovic.eu\/portal\/vremenska-prognoza\/","name":"VREMENSKA PROGNOZA &#8211; HRANKOVI\u0106 ONLINE","isPartOf":{"@id":"https:\/\/www.hrankovic.eu\/portal\/#website"},"datePublished":"2014-08-11T19:22:00+00:00","dateModified":"2017-03-09T13:36:00+00:00","breadcrumb":{"@id":"https:\/\/www.hrankovic.eu\/portal\/vremenska-prognoza\/#breadcrumb"},"inLanguage":"bs-BA","potentialAction":[{"@type":"ReadAction","target":["https:\/\/www.hrankovic.eu\/portal\/vremenska-prognoza\/"]}]},{"@type":"BreadcrumbList","@id":"https:\/\/www.hrankovic.eu\/portal\/vremenska-prognoza\/#breadcrumb","itemListElement":[{"@type":"ListItem","position":1,"name":"Home","item":"https:\/\/www.hrankovic.eu\/portal\/"},{"@type":"ListItem","position":2,"name":"VREMENSKA PROGNOZA"}]},{"@type":"WebSite","@id":"https:\/\/www.hrankovic.eu\/portal\/#website","url":"https:\/\/www.hrankovic.eu\/portal\/","name":"HRANKOVI\u0106 ONLINE","description":"Korist za budu\u0107nost na\u0161eg HRANKOVI\u0106A","potentialAction":[{"@type":"SearchAction","target":{"@type":"EntryPoint","urlTemplate":"https:\/\/www.hrankovic.eu\/portal\/?s={search_term_string}"},"query-input":{"@type":"PropertyValueSpecification","valueRequired":true,"valueName":"search_term_string"}}],"inLanguage":"bs-BA"}]}},"_links":{"self":[{"href":"https:\/\/www.hrankovic.eu\/portal\/wp-json\/wp\/v2\/pages\/4061","targetHints":{"allow":["GET"]}}],"collection":[{"href":"https:\/\/www.hrankovic.eu\/portal\/wp-json\/wp\/v2\/pages"}],"about":[{"href":"https:\/\/www.hrankovic.eu\/portal\/wp-json\/wp\/v2\/types\/page"}],"author":[{"embeddable":true,"href":"https:\/\/www.hrankovic.eu\/portal\/wp-json\/wp\/v2\/users\/2"}],"replies":[{"embeddable":true,"href":"https:\/\/www.hrankovic.eu\/portal\/wp-json\/wp\/v2\/comments?post=4061"}],"version-history":[{"count":3,"href":"https:\/\/www.hrankovic.eu\/portal\/wp-json\/wp\/v2\/pages\/4061\/revisions"}],"predecessor-version":[{"id":7436,"href":"https:\/\/www.hrankovic.eu\/portal\/wp-json\/wp\/v2\/pages\/4061\/revisions\/7436"}],"wp:attachment":[{"href":"https:\/\/www.hrankovic.eu\/portal\/wp-json\/wp\/v2\/media?parent=4061"}],"curies":[{"name":"wp","href":"https:\/\/api.w.org\/{rel}","templated":true}]}}