{"id":160,"date":"2013-08-24T20:46:43","date_gmt":"2013-08-24T18:46:43","guid":{"rendered":"http:\/\/themes.tielabs.com\/365news\/?page_id=160"},"modified":"2025-11-15T03:24:19","modified_gmt":"2025-11-15T02:24:19","slug":"audiokuran","status":"publish","type":"page","link":"https:\/\/www.hrankovic.eu\/portal\/audiokuran\/","title":{"rendered":"KURAN AUDIO"},"content":{"rendered":"<p><center><a href=\"http:\/\/www.hrankovic.eu\/portal\/wp-content\/uploads\/2015\/04\/bismillah.gif\"><img loading=\"lazy\" decoding=\"async\" class=\"aligncenter wp-image-5643 size-full\" src=\"http:\/\/www.hrankovic.eu\/portal\/wp-content\/uploads\/2015\/04\/bismillah.gif\" alt=\"bismillah\" width=\"400\" height=\"66\"><\/a><\/center><center><\/center><center><div class=\"clear\"><\/div><div style=\"margin-top:20px; margin-bottom:20px;\" class=\"divider divider-double\"><\/div><\/center><center><\/center><center><\/center><center><\/center><center><\/center><center><\/center><center><\/center><center><div class=\"clear\"><\/div><div style=\"margin-top:20px; margin-bottom:20px;\" class=\"divider divider-double\"><\/div><\/center><center><a href=\"http:\/\/www.hrankovic.eu\/portal\/wp-content\/uploads\/2015\/04\/66a4a145-d62c-4fd5-9e78-f807613ddfab_bismillah.gif\"><img loading=\"lazy\" decoding=\"async\" class=\"aligncenter wp-image-5640 size-full\" src=\"http:\/\/www.hrankovic.eu\/portal\/wp-content\/uploads\/2015\/04\/66a4a145-d62c-4fd5-9e78-f807613ddfab_bismillah.gif\" alt=\"66a4a145-d62c-4fd5-9e78-f807613ddfab_bismillah\" width=\"425\" height=\"269\"><\/a><\/center><br \/>\n<!DOCTYPE html><br \/>\n<html lang=\"en\"><br \/>\n<head><br \/>\n<meta charset=\"UTF-8\"><br \/>\n<title>Islamic Radio Player<\/title><\/p>\n<style>\n    body {\n        background: #e8f5e9;\n        font-family: Arial, sans-serif;\n    }<\/p>\n<p>    .player-box {\n        width: 200px;\n        height: 200px;\n        padding: 15px;\n        border-radius: 25px;\n        background: rgba(255,255,255,0.85);\n        box-shadow: 0 6px 16px rgba(0,0,0,0.15);\n        backdrop-filter: blur(8px);\n        display: flex;\n        flex-direction: column;\n        justify-content: space-between;\n        text-align: center;\n        border: 1px solid rgba(255,255,255,0.6);\n    }<\/p>\n<p>    h4 {\n        margin: 0;\n        font-size: 18px;\n        color: #1b5e20;\n        font-weight: bold;\n    }<\/p>\n<p>    .ios-btn {\n        width: 70px;\n        height: 70px;\n        border-radius: 50%;\n        border: none;\n        background: rgba(255, 255, 255, 0.9);\n        box-shadow: 0 4px 12px rgba(0,0,0,0.25);\n        backdrop-filter: blur(10px);\n        display: flex;\n        justify-content: center;\n        align-items: center;\n        cursor: pointer;\n        font-size: 30px;\n        color: #1b5e20;\n        transition: 0.25s;\n        margin: 0 auto;\n    }<\/p>\n<p>    .ios-btn:hover {\n        transform: scale(1.07);\n    }\n<\/style>\n<p><\/head><\/p>\n<p><body><\/p>\n<div class=\"player-box\">\n<h4>Islam Radio<\/h4>\n<p><!-- RADIO PLAYER --><br \/>\n    <audio id=\"player\"><source src=\"STREAM_URL_HERE\" type=\"audio\/mpeg\"><\/audio><\/p>\n<p>    <button class=\"ios-btn\" id=\"playBtn\">&#x23f8;<\/button><\/div>\n<p><script>\n    const audio = document.getElementById(\"player\");\n    const btn = document.getElementById(\"playBtn\");<\/p>\n<p>    \/\/ poku\u0161aj autoplay-a (browser ga nekad blokira)\n    audio.play().catch(() => {\n        btn.textContent = \"&#x25b6;&#xfe0f;\"; \/\/ ako autoplay ne radi\n    });<\/p>\n<p>    btn.addEventListener(\"click\", () => {\n        if (audio.paused) {\n            audio.play();\n            btn.textContent = \"&#x23f8;\";\n        } else {\n            audio.pause();\n            btn.textContent = \"&#x25b6;&#xfe0f;\";\n        }\n    });\n<\/script><\/p>\n<p><\/body><br \/>\n<\/html><\/p>\n","protected":false},"excerpt":{"rendered":"<p>Islamic Radio Player Islam Radio &#x23f8;<\/p>\n","protected":false},"author":2,"featured_media":0,"parent":0,"menu_order":0,"comment_status":"closed","ping_status":"closed","template":"","meta":{"_crdt_document":"","_exactmetrics_skip_tracking":false,"_exactmetrics_sitenote_active":false,"_exactmetrics_sitenote_note":"","_exactmetrics_sitenote_category":0,"ngg_post_thumbnail":0,"footnotes":""},"class_list":["post-160","page","type-page","status-publish",""],"yoast_head":"<!-- This site is optimized with the Yoast SEO plugin v27.5 - https:\/\/yoast.com\/product\/yoast-seo-wordpress\/ -->\n<title>KURAN AUDIO &#8211; HRANKOVI\u0106 ONLINE<\/title>\n<meta name=\"robots\" content=\"index, follow, max-snippet:-1, max-image-preview:large, max-video-preview:-1\" \/>\n<link rel=\"canonical\" href=\"https:\/\/www.hrankovic.eu\/portal\/audiokuran\/\" \/>\n<meta property=\"og:locale\" content=\"bs_BA\" \/>\n<meta property=\"og:type\" content=\"article\" \/>\n<meta property=\"og:title\" content=\"KURAN AUDIO &#8211; HRANKOVI\u0106 ONLINE\" \/>\n<meta property=\"og:description\" content=\"Islamic Radio Player Islam Radio &#x23f8;\" \/>\n<meta property=\"og:url\" content=\"https:\/\/www.hrankovic.eu\/portal\/audiokuran\/\" \/>\n<meta property=\"og:site_name\" content=\"HRANKOVI\u0106 ONLINE\" \/>\n<meta property=\"article:publisher\" content=\"https:\/\/www.facebook.com\/GHrankovic\/\" \/>\n<meta property=\"article:modified_time\" content=\"2025-11-15T02:24:19+00:00\" \/>\n<meta property=\"og:image\" content=\"https:\/\/www.hrankovic.eu\/portal\/wp-content\/uploads\/2015\/04\/bismillah.gif\" \/>\n\t<meta property=\"og:image:width\" content=\"400\" \/>\n\t<meta property=\"og:image:height\" content=\"66\" \/>\n\t<meta property=\"og:image:type\" content=\"image\/gif\" \/>\n<meta name=\"twitter:card\" content=\"summary_large_image\" \/>\n<meta name=\"twitter:label1\" content=\"Est. reading time\" \/>\n\t<meta name=\"twitter:data1\" content=\"1 minuta\" \/>\n<script type=\"application\/ld+json\" class=\"yoast-schema-graph\">{\"@context\":\"https:\\\/\\\/schema.org\",\"@graph\":[{\"@type\":\"WebPage\",\"@id\":\"https:\\\/\\\/www.hrankovic.eu\\\/portal\\\/audiokuran\\\/\",\"url\":\"https:\\\/\\\/www.hrankovic.eu\\\/portal\\\/audiokuran\\\/\",\"name\":\"KURAN AUDIO &#8211; HRANKOVI\u0106 ONLINE\",\"isPartOf\":{\"@id\":\"https:\\\/\\\/www.hrankovic.eu\\\/portal\\\/#website\"},\"primaryImageOfPage\":{\"@id\":\"https:\\\/\\\/www.hrankovic.eu\\\/portal\\\/audiokuran\\\/#primaryimage\"},\"image\":{\"@id\":\"https:\\\/\\\/www.hrankovic.eu\\\/portal\\\/audiokuran\\\/#primaryimage\"},\"thumbnailUrl\":\"http:\\\/\\\/www.hrankovic.eu\\\/portal\\\/wp-content\\\/uploads\\\/2015\\\/04\\\/bismillah.gif\",\"datePublished\":\"2013-08-24T18:46:43+00:00\",\"dateModified\":\"2025-11-15T02:24:19+00:00\",\"breadcrumb\":{\"@id\":\"https:\\\/\\\/www.hrankovic.eu\\\/portal\\\/audiokuran\\\/#breadcrumb\"},\"inLanguage\":\"bs-BA\",\"potentialAction\":[{\"@type\":\"ReadAction\",\"target\":[\"https:\\\/\\\/www.hrankovic.eu\\\/portal\\\/audiokuran\\\/\"]}]},{\"@type\":\"ImageObject\",\"inLanguage\":\"bs-BA\",\"@id\":\"https:\\\/\\\/www.hrankovic.eu\\\/portal\\\/audiokuran\\\/#primaryimage\",\"url\":\"http:\\\/\\\/www.hrankovic.eu\\\/portal\\\/wp-content\\\/uploads\\\/2015\\\/04\\\/bismillah.gif\",\"contentUrl\":\"http:\\\/\\\/www.hrankovic.eu\\\/portal\\\/wp-content\\\/uploads\\\/2015\\\/04\\\/bismillah.gif\"},{\"@type\":\"BreadcrumbList\",\"@id\":\"https:\\\/\\\/www.hrankovic.eu\\\/portal\\\/audiokuran\\\/#breadcrumb\",\"itemListElement\":[{\"@type\":\"ListItem\",\"position\":1,\"name\":\"Home\",\"item\":\"https:\\\/\\\/www.hrankovic.eu\\\/portal\\\/\"},{\"@type\":\"ListItem\",\"position\":2,\"name\":\"KURAN AUDIO\"}]},{\"@type\":\"WebSite\",\"@id\":\"https:\\\/\\\/www.hrankovic.eu\\\/portal\\\/#website\",\"url\":\"https:\\\/\\\/www.hrankovic.eu\\\/portal\\\/\",\"name\":\"HRANKOVI\u0106 ONLINE\",\"description\":\"Korist za budu\u0107nost na\u0161eg HRANKOVI\u0106A\",\"potentialAction\":[{\"@type\":\"SearchAction\",\"target\":{\"@type\":\"EntryPoint\",\"urlTemplate\":\"https:\\\/\\\/www.hrankovic.eu\\\/portal\\\/?s={search_term_string}\"},\"query-input\":{\"@type\":\"PropertyValueSpecification\",\"valueRequired\":true,\"valueName\":\"search_term_string\"}}],\"inLanguage\":\"bs-BA\"}]}<\/script>\n<!-- \/ Yoast SEO plugin. -->","yoast_head_json":{"title":"KURAN AUDIO &#8211; HRANKOVI\u0106 ONLINE","robots":{"index":"index","follow":"follow","max-snippet":"max-snippet:-1","max-image-preview":"max-image-preview:large","max-video-preview":"max-video-preview:-1"},"canonical":"https:\/\/www.hrankovic.eu\/portal\/audiokuran\/","og_locale":"bs_BA","og_type":"article","og_title":"KURAN AUDIO &#8211; HRANKOVI\u0106 ONLINE","og_description":"Islamic Radio Player Islam Radio &#x23f8;","og_url":"https:\/\/www.hrankovic.eu\/portal\/audiokuran\/","og_site_name":"HRANKOVI\u0106 ONLINE","article_publisher":"https:\/\/www.facebook.com\/GHrankovic\/","article_modified_time":"2025-11-15T02:24:19+00:00","og_image":[{"width":400,"height":66,"url":"https:\/\/www.hrankovic.eu\/portal\/wp-content\/uploads\/2015\/04\/bismillah.gif","type":"image\/gif"}],"twitter_card":"summary_large_image","twitter_misc":{"Est. reading time":"1 minuta"},"schema":{"@context":"https:\/\/schema.org","@graph":[{"@type":"WebPage","@id":"https:\/\/www.hrankovic.eu\/portal\/audiokuran\/","url":"https:\/\/www.hrankovic.eu\/portal\/audiokuran\/","name":"KURAN AUDIO &#8211; HRANKOVI\u0106 ONLINE","isPartOf":{"@id":"https:\/\/www.hrankovic.eu\/portal\/#website"},"primaryImageOfPage":{"@id":"https:\/\/www.hrankovic.eu\/portal\/audiokuran\/#primaryimage"},"image":{"@id":"https:\/\/www.hrankovic.eu\/portal\/audiokuran\/#primaryimage"},"thumbnailUrl":"http:\/\/www.hrankovic.eu\/portal\/wp-content\/uploads\/2015\/04\/bismillah.gif","datePublished":"2013-08-24T18:46:43+00:00","dateModified":"2025-11-15T02:24:19+00:00","breadcrumb":{"@id":"https:\/\/www.hrankovic.eu\/portal\/audiokuran\/#breadcrumb"},"inLanguage":"bs-BA","potentialAction":[{"@type":"ReadAction","target":["https:\/\/www.hrankovic.eu\/portal\/audiokuran\/"]}]},{"@type":"ImageObject","inLanguage":"bs-BA","@id":"https:\/\/www.hrankovic.eu\/portal\/audiokuran\/#primaryimage","url":"http:\/\/www.hrankovic.eu\/portal\/wp-content\/uploads\/2015\/04\/bismillah.gif","contentUrl":"http:\/\/www.hrankovic.eu\/portal\/wp-content\/uploads\/2015\/04\/bismillah.gif"},{"@type":"BreadcrumbList","@id":"https:\/\/www.hrankovic.eu\/portal\/audiokuran\/#breadcrumb","itemListElement":[{"@type":"ListItem","position":1,"name":"Home","item":"https:\/\/www.hrankovic.eu\/portal\/"},{"@type":"ListItem","position":2,"name":"KURAN AUDIO"}]},{"@type":"WebSite","@id":"https:\/\/www.hrankovic.eu\/portal\/#website","url":"https:\/\/www.hrankovic.eu\/portal\/","name":"HRANKOVI\u0106 ONLINE","description":"Korist za budu\u0107nost na\u0161eg HRANKOVI\u0106A","potentialAction":[{"@type":"SearchAction","target":{"@type":"EntryPoint","urlTemplate":"https:\/\/www.hrankovic.eu\/portal\/?s={search_term_string}"},"query-input":{"@type":"PropertyValueSpecification","valueRequired":true,"valueName":"search_term_string"}}],"inLanguage":"bs-BA"}]}},"_links":{"self":[{"href":"https:\/\/www.hrankovic.eu\/portal\/wp-json\/wp\/v2\/pages\/160","targetHints":{"allow":["GET"]}}],"collection":[{"href":"https:\/\/www.hrankovic.eu\/portal\/wp-json\/wp\/v2\/pages"}],"about":[{"href":"https:\/\/www.hrankovic.eu\/portal\/wp-json\/wp\/v2\/types\/page"}],"author":[{"embeddable":true,"href":"https:\/\/www.hrankovic.eu\/portal\/wp-json\/wp\/v2\/users\/2"}],"replies":[{"embeddable":true,"href":"https:\/\/www.hrankovic.eu\/portal\/wp-json\/wp\/v2\/comments?post=160"}],"version-history":[{"count":9,"href":"https:\/\/www.hrankovic.eu\/portal\/wp-json\/wp\/v2\/pages\/160\/revisions"}],"predecessor-version":[{"id":9573,"href":"https:\/\/www.hrankovic.eu\/portal\/wp-json\/wp\/v2\/pages\/160\/revisions\/9573"}],"wp:attachment":[{"href":"https:\/\/www.hrankovic.eu\/portal\/wp-json\/wp\/v2\/media?parent=160"}],"curies":[{"name":"wp","href":"https:\/\/api.w.org\/{rel}","templated":true}]}}