{"id":1335,"date":"2013-09-09T23:26:01","date_gmt":"2013-09-09T21:26:01","guid":{"rendered":"http:\/\/www.hrankovic.eu\/portal\/?page_id=1335"},"modified":"2017-01-05T13:51:19","modified_gmt":"2017-01-05T12:51:19","slug":"chat-i-tv-hrankovic","status":"publish","type":"page","link":"https:\/\/www.hrankovic.eu\/portal\/chat-i-tv-hrankovic\/","title":{"rendered":"CHAT I TV HRANKOVI\u0106"},"content":{"rendered":"<p><a href=\"http:\/\/www.hrankovic.eu\/portal\/wp-content\/uploads\/2013\/08\/rtvHrankovic1.png\"><img loading=\"lazy\" decoding=\"async\" class=\"aligncenter size-medium wp-image-586\" src=\"http:\/\/www.hrankovic.eu\/portal\/wp-content\/uploads\/2013\/08\/rtvHrankovic1-300x125.png\" alt=\"rtvHrankovic1\" width=\"300\" height=\"125\" \/><\/a><\/p>\n<p><iframe loading=\"lazy\" style=\"border: 0; outline: 0;\" src=\"http:\/\/cdn.livestream.com\/embed\/tvhrankovic?layout=4&amp;color=0xe7e7e7&amp;autoPlay=true&amp;mute=false&amp;iconColorOver=0x888888&amp;iconColor=0x777777&amp;allowchat=true&amp;height=385&amp;width=640\" width=\"640\" height=\"385\" frameborder=\"0\" scrolling=\"no\"><\/iframe><\/p>\n","protected":false},"excerpt":{"rendered":"","protected":false},"author":2,"featured_media":0,"parent":0,"menu_order":0,"comment_status":"open","ping_status":"open","template":"","meta":{"_crdt_document":"","_exactmetrics_skip_tracking":false,"_exactmetrics_sitenote_active":false,"_exactmetrics_sitenote_note":"","_exactmetrics_sitenote_category":0,"ngg_post_thumbnail":0,"footnotes":""},"class_list":["post-1335","page","type-page","status-publish",""],"yoast_head":"<!-- This site is optimized with the Yoast SEO plugin v27.5 - https:\/\/yoast.com\/product\/yoast-seo-wordpress\/ -->\n<title>CHAT I TV HRANKOVI\u0106 &#8211; HRANKOVI\u0106 ONLINE<\/title>\n<meta name=\"robots\" content=\"index, follow, max-snippet:-1, max-image-preview:large, max-video-preview:-1\" \/>\n<link rel=\"canonical\" href=\"https:\/\/www.hrankovic.eu\/portal\/chat-i-tv-hrankovic\/\" \/>\n<meta property=\"og:locale\" content=\"bs_BA\" \/>\n<meta property=\"og:type\" content=\"article\" \/>\n<meta property=\"og:title\" content=\"CHAT I TV HRANKOVI\u0106 &#8211; HRANKOVI\u0106 ONLINE\" \/>\n<meta property=\"og:url\" content=\"https:\/\/www.hrankovic.eu\/portal\/chat-i-tv-hrankovic\/\" \/>\n<meta property=\"og:site_name\" content=\"HRANKOVI\u0106 ONLINE\" \/>\n<meta property=\"article:publisher\" content=\"https:\/\/www.facebook.com\/GHrankovic\/\" \/>\n<meta property=\"article:modified_time\" content=\"2017-01-05T12:51:19+00:00\" \/>\n<meta property=\"og:image\" content=\"http:\/\/www.hrankovic.eu\/portal\/wp-content\/uploads\/2013\/08\/rtvHrankovic1-300x125.png\" \/>\n<meta name=\"twitter:card\" content=\"summary_large_image\" \/>\n<script type=\"application\/ld+json\" class=\"yoast-schema-graph\">{\"@context\":\"https:\\\/\\\/schema.org\",\"@graph\":[{\"@type\":\"WebPage\",\"@id\":\"https:\\\/\\\/www.hrankovic.eu\\\/portal\\\/chat-i-tv-hrankovic\\\/\",\"url\":\"https:\\\/\\\/www.hrankovic.eu\\\/portal\\\/chat-i-tv-hrankovic\\\/\",\"name\":\"CHAT I TV HRANKOVI\u0106 &#8211; HRANKOVI\u0106 ONLINE\",\"isPartOf\":{\"@id\":\"https:\\\/\\\/www.hrankovic.eu\\\/portal\\\/#website\"},\"primaryImageOfPage\":{\"@id\":\"https:\\\/\\\/www.hrankovic.eu\\\/portal\\\/chat-i-tv-hrankovic\\\/#primaryimage\"},\"image\":{\"@id\":\"https:\\\/\\\/www.hrankovic.eu\\\/portal\\\/chat-i-tv-hrankovic\\\/#primaryimage\"},\"thumbnailUrl\":\"http:\\\/\\\/www.hrankovic.eu\\\/portal\\\/wp-content\\\/uploads\\\/2013\\\/08\\\/rtvHrankovic1-300x125.png\",\"datePublished\":\"2013-09-09T21:26:01+00:00\",\"dateModified\":\"2017-01-05T12:51:19+00:00\",\"breadcrumb\":{\"@id\":\"https:\\\/\\\/www.hrankovic.eu\\\/portal\\\/chat-i-tv-hrankovic\\\/#breadcrumb\"},\"inLanguage\":\"bs-BA\",\"potentialAction\":[{\"@type\":\"ReadAction\",\"target\":[\"https:\\\/\\\/www.hrankovic.eu\\\/portal\\\/chat-i-tv-hrankovic\\\/\"]}]},{\"@type\":\"ImageObject\",\"inLanguage\":\"bs-BA\",\"@id\":\"https:\\\/\\\/www.hrankovic.eu\\\/portal\\\/chat-i-tv-hrankovic\\\/#primaryimage\",\"url\":\"https:\\\/\\\/www.hrankovic.eu\\\/portal\\\/wp-content\\\/uploads\\\/2013\\\/08\\\/rtvHrankovic1.png\",\"contentUrl\":\"https:\\\/\\\/www.hrankovic.eu\\\/portal\\\/wp-content\\\/uploads\\\/2013\\\/08\\\/rtvHrankovic1.png\",\"width\":477,\"height\":200},{\"@type\":\"BreadcrumbList\",\"@id\":\"https:\\\/\\\/www.hrankovic.eu\\\/portal\\\/chat-i-tv-hrankovic\\\/#breadcrumb\",\"itemListElement\":[{\"@type\":\"ListItem\",\"position\":1,\"name\":\"Home\",\"item\":\"https:\\\/\\\/www.hrankovic.eu\\\/portal\\\/\"},{\"@type\":\"ListItem\",\"position\":2,\"name\":\"CHAT I TV HRANKOVI\u0106\"}]},{\"@type\":\"WebSite\",\"@id\":\"https:\\\/\\\/www.hrankovic.eu\\\/portal\\\/#website\",\"url\":\"https:\\\/\\\/www.hrankovic.eu\\\/portal\\\/\",\"name\":\"HRANKOVI\u0106 ONLINE\",\"description\":\"Korist za budu\u0107nost na\u0161eg HRANKOVI\u0106A\",\"potentialAction\":[{\"@type\":\"SearchAction\",\"target\":{\"@type\":\"EntryPoint\",\"urlTemplate\":\"https:\\\/\\\/www.hrankovic.eu\\\/portal\\\/?s={search_term_string}\"},\"query-input\":{\"@type\":\"PropertyValueSpecification\",\"valueRequired\":true,\"valueName\":\"search_term_string\"}}],\"inLanguage\":\"bs-BA\"}]}<\/script>\n<!-- \/ Yoast SEO plugin. -->","yoast_head_json":{"title":"CHAT I TV HRANKOVI\u0106 &#8211; HRANKOVI\u0106 ONLINE","robots":{"index":"index","follow":"follow","max-snippet":"max-snippet:-1","max-image-preview":"max-image-preview:large","max-video-preview":"max-video-preview:-1"},"canonical":"https:\/\/www.hrankovic.eu\/portal\/chat-i-tv-hrankovic\/","og_locale":"bs_BA","og_type":"article","og_title":"CHAT I TV HRANKOVI\u0106 &#8211; HRANKOVI\u0106 ONLINE","og_url":"https:\/\/www.hrankovic.eu\/portal\/chat-i-tv-hrankovic\/","og_site_name":"HRANKOVI\u0106 ONLINE","article_publisher":"https:\/\/www.facebook.com\/GHrankovic\/","article_modified_time":"2017-01-05T12:51:19+00:00","og_image":[{"url":"http:\/\/www.hrankovic.eu\/portal\/wp-content\/uploads\/2013\/08\/rtvHrankovic1-300x125.png","type":"","width":"","height":""}],"twitter_card":"summary_large_image","schema":{"@context":"https:\/\/schema.org","@graph":[{"@type":"WebPage","@id":"https:\/\/www.hrankovic.eu\/portal\/chat-i-tv-hrankovic\/","url":"https:\/\/www.hrankovic.eu\/portal\/chat-i-tv-hrankovic\/","name":"CHAT I TV HRANKOVI\u0106 &#8211; HRANKOVI\u0106 ONLINE","isPartOf":{"@id":"https:\/\/www.hrankovic.eu\/portal\/#website"},"primaryImageOfPage":{"@id":"https:\/\/www.hrankovic.eu\/portal\/chat-i-tv-hrankovic\/#primaryimage"},"image":{"@id":"https:\/\/www.hrankovic.eu\/portal\/chat-i-tv-hrankovic\/#primaryimage"},"thumbnailUrl":"http:\/\/www.hrankovic.eu\/portal\/wp-content\/uploads\/2013\/08\/rtvHrankovic1-300x125.png","datePublished":"2013-09-09T21:26:01+00:00","dateModified":"2017-01-05T12:51:19+00:00","breadcrumb":{"@id":"https:\/\/www.hrankovic.eu\/portal\/chat-i-tv-hrankovic\/#breadcrumb"},"inLanguage":"bs-BA","potentialAction":[{"@type":"ReadAction","target":["https:\/\/www.hrankovic.eu\/portal\/chat-i-tv-hrankovic\/"]}]},{"@type":"ImageObject","inLanguage":"bs-BA","@id":"https:\/\/www.hrankovic.eu\/portal\/chat-i-tv-hrankovic\/#primaryimage","url":"https:\/\/www.hrankovic.eu\/portal\/wp-content\/uploads\/2013\/08\/rtvHrankovic1.png","contentUrl":"https:\/\/www.hrankovic.eu\/portal\/wp-content\/uploads\/2013\/08\/rtvHrankovic1.png","width":477,"height":200},{"@type":"BreadcrumbList","@id":"https:\/\/www.hrankovic.eu\/portal\/chat-i-tv-hrankovic\/#breadcrumb","itemListElement":[{"@type":"ListItem","position":1,"name":"Home","item":"https:\/\/www.hrankovic.eu\/portal\/"},{"@type":"ListItem","position":2,"name":"CHAT I TV HRANKOVI\u0106"}]},{"@type":"WebSite","@id":"https:\/\/www.hrankovic.eu\/portal\/#website","url":"https:\/\/www.hrankovic.eu\/portal\/","name":"HRANKOVI\u0106 ONLINE","description":"Korist za budu\u0107nost na\u0161eg HRANKOVI\u0106A","potentialAction":[{"@type":"SearchAction","target":{"@type":"EntryPoint","urlTemplate":"https:\/\/www.hrankovic.eu\/portal\/?s={search_term_string}"},"query-input":{"@type":"PropertyValueSpecification","valueRequired":true,"valueName":"search_term_string"}}],"inLanguage":"bs-BA"}]}},"_links":{"self":[{"href":"https:\/\/www.hrankovic.eu\/portal\/wp-json\/wp\/v2\/pages\/1335","targetHints":{"allow":["GET"]}}],"collection":[{"href":"https:\/\/www.hrankovic.eu\/portal\/wp-json\/wp\/v2\/pages"}],"about":[{"href":"https:\/\/www.hrankovic.eu\/portal\/wp-json\/wp\/v2\/types\/page"}],"author":[{"embeddable":true,"href":"https:\/\/www.hrankovic.eu\/portal\/wp-json\/wp\/v2\/users\/2"}],"replies":[{"embeddable":true,"href":"https:\/\/www.hrankovic.eu\/portal\/wp-json\/wp\/v2\/comments?post=1335"}],"version-history":[{"count":4,"href":"https:\/\/www.hrankovic.eu\/portal\/wp-json\/wp\/v2\/pages\/1335\/revisions"}],"predecessor-version":[{"id":7325,"href":"https:\/\/www.hrankovic.eu\/portal\/wp-json\/wp\/v2\/pages\/1335\/revisions\/7325"}],"wp:attachment":[{"href":"https:\/\/www.hrankovic.eu\/portal\/wp-json\/wp\/v2\/media?parent=1335"}],"curies":[{"name":"wp","href":"https:\/\/api.w.org\/{rel}","templated":true}]}}